{"id":5,"date":"2019-09-09T11:59:08","date_gmt":"2019-09-09T09:59:08","guid":{"rendered":"https:\/\/www.nordicwalkingpalma.com\/competicio\/?page_id=5"},"modified":"2022-10-31T10:44:37","modified_gmt":"2022-10-31T09:44:37","slug":"inici","status":"publish","type":"page","link":"https:\/\/www.nordicwalkingpalma.com\/competicio\/","title":{"rendered":"Inici"},"content":{"rendered":"<p>[et_pb_section fb_built=\u00bb1&#8243; fullwidth=\u00bbon\u00bb disabled_on=\u00bbon|on|off\u00bb _builder_version=\u00bb4.18.0&#8243; background_color=\u00bbrgba(0,0,0,0.26)\u00bb background_image=\u00bbhttps:\/\/www.nordicwalkingpalma.com\/competicio\/wp-content\/uploads\/2022\/10\/foto-equip-nwpalma.jpeg\u00bb background_blend=\u00bboverlay\u00bb custom_padding=\u00bb10px|0px|0px|0px\u00bb hover_enabled=\u00bb0&#8243; global_colors_info=\u00bb{}\u00bb title_text=\u00bbfoto equip nwpalma\u00bb sticky_enabled=\u00bb0&#8243;][et_pb_fullwidth_header title=\u00bb%22El teu equip%22&#8243; background_overlay_color=\u00bbrgba(0,0,0,0)\u00bb _builder_version=\u00bb4.16&#8243; title_font=\u00bbAbel||||||||\u00bb title_text_align=\u00bbcenter\u00bb title_text_color=\u00bb#ffffff\u00bb title_font_size=\u00bb100px\u00bb background_color=\u00bbrgba(255, 255, 255, 0)\u00bb background_layout=\u00bblight\u00bb custom_margin=\u00bb0px|0px||0px\u00bb custom_padding=\u00bb20px||340px|\u00bb custom_padding_tablet=\u00bb\u00bb custom_padding_phone=\u00bb60px||60px|0px\u00bb custom_padding_last_edited=\u00bbon|phone\u00bb title_font_size_tablet=\u00bb\u00bb title_font_size_phone=\u00bb57px\u00bb title_font_size_last_edited=\u00bbon|phone\u00bb global_colors_info=\u00bb{}\u00bb button_one_text_size__hover_enabled=\u00bboff\u00bb button_one_text_size__hover=\u00bbnull\u00bb button_two_text_size__hover_enabled=\u00bboff\u00bb button_two_text_size__hover=\u00bbnull\u00bb button_one_text_color__hover_enabled=\u00bboff\u00bb button_one_text_color__hover=\u00bbnull\u00bb button_two_text_color__hover_enabled=\u00bboff\u00bb button_two_text_color__hover=\u00bbnull\u00bb button_one_border_width__hover_enabled=\u00bboff\u00bb button_one_border_width__hover=\u00bbnull\u00bb button_two_border_width__hover_enabled=\u00bboff\u00bb button_two_border_width__hover=\u00bbnull\u00bb button_one_border_color__hover_enabled=\u00bboff\u00bb button_one_border_color__hover=\u00bbnull\u00bb button_two_border_color__hover_enabled=\u00bboff\u00bb button_two_border_color__hover=\u00bbnull\u00bb button_one_border_radius__hover_enabled=\u00bboff\u00bb button_one_border_radius__hover=\u00bbnull\u00bb button_two_border_radius__hover_enabled=\u00bboff\u00bb button_two_border_radius__hover=\u00bbnull\u00bb button_one_letter_spacing__hover_enabled=\u00bboff\u00bb button_one_letter_spacing__hover=\u00bbnull\u00bb button_two_letter_spacing__hover_enabled=\u00bboff\u00bb button_two_letter_spacing__hover=\u00bbnull\u00bb button_one_bg_color__hover_enabled=\u00bboff\u00bb button_one_bg_color__hover=\u00bbnull\u00bb button_two_bg_color__hover_enabled=\u00bboff\u00bb button_two_bg_color__hover=\u00bbnull\u00bb]<\/p>\n<h3>\u00abEl teu equip\u00bb<\/h3>\n<p>[\/et_pb_fullwidth_header][\/et_pb_section][et_pb_section fb_built=\u00bb1&#8243; _builder_version=\u00bb4.16&#8243; global_colors_info=\u00bb{}\u00bb][et_pb_row _builder_version=\u00bb4.16&#8243; background_size=\u00bbinitial\u00bb background_position=\u00bbtop_left\u00bb background_repeat=\u00bbrepeat\u00bb global_colors_info=\u00bb{}\u00bb][et_pb_column type=\u00bb4_4&#8243; _builder_version=\u00bb4.16&#8243; custom_padding=\u00bb|||\u00bb global_colors_info=\u00bb{}\u00bb custom_padding__hover=\u00bb|||\u00bb][et_pb_text _builder_version=\u00bb4.16&#8243; global_colors_info=\u00bb{}\u00bb]<\/p>\n<h1 style=\"text-align: center;\">Darreres not\u00edcies<\/h1>\n<p>&nbsp;<\/p>\n<p>[\/et_pb_text][et_pb_blog fullwidth=\u00bboff\u00bb include_categories=\u00bb5&#8243; show_author=\u00bboff\u00bb show_date=\u00bboff\u00bb show_categories=\u00bboff\u00bb show_pagination=\u00bboff\u00bb _builder_version=\u00bb4.16&#8243; global_colors_info=\u00bb{}\u00bb][\/et_pb_blog][et_pb_wc_stock _builder_version=\u00bb4.16&#8243; _module_preset=\u00bbdefault\u00bb global_colors_info=\u00bb{}\u00bb][\/et_pb_wc_stock][\/et_pb_column][\/et_pb_row][\/et_pb_section][et_pb_section fb_built=\u00bb1&#8243; _builder_version=\u00bb4.16&#8243; custom_padding=\u00bb0px|0px|0px|0px\u00bb global_colors_info=\u00bb{}\u00bb][et_pb_row column_structure=\u00bb2_3,1_3&#8243; use_custom_gutter=\u00bbon\u00bb gutter_width=\u00bb1&#8243; make_equal=\u00bbon\u00bb module_class=\u00bb et_pb_row_fullwidth\u00bb _builder_version=\u00bb4.16&#8243; width=\u00bb100%\u00bb width_tablet=\u00bb100%\u00bb width_phone=\u00bb\u00bb width_last_edited=\u00bbon|desktop\u00bb max_width=\u00bb100%\u00bb max_width_tablet=\u00bb100%\u00bb max_width_phone=\u00bb\u00bb max_width_last_edited=\u00bbon|desktop\u00bb custom_margin=\u00bb||5px|\u00bb custom_padding=\u00bb0px|0px|0px|0px\u00bb make_fullwidth=\u00bbon\u00bb global_colors_info=\u00bb{}\u00bb][et_pb_column type=\u00bb2_3&#8243; module_class=\u00bbds-vertical-align\u00bb _builder_version=\u00bb4.16&#8243; background_image=\u00bbhttps:\/\/www.nordicwalkingpalma.com\/competicio\/wp-content\/uploads\/2019\/11\/foto-entreno-1.jpeg\u00bb background_position=\u00bbcenter_left\u00bb custom_padding=\u00bb|||\u00bb global_colors_info=\u00bb{}\u00bb custom_padding__hover=\u00bb|||\u00bb][\/et_pb_column][et_pb_column type=\u00bb1_3&#8243; module_class=\u00bbds-vertical-align\u00bb _builder_version=\u00bb4.16&#8243; background_color=\u00bb#f4720e\u00bb custom_padding=\u00bb100px||100px|\u00bb global_colors_info=\u00bb{}\u00bb custom_padding__hover=\u00bb|||\u00bb][et_pb_blurb title=\u00bbEquip\u00bb url=\u00bbhttps:\/\/www.nordicwalkingpalma.com\/competicio\/equip\/\u00bb _builder_version=\u00bb4.16&#8243; header_level=\u00bbh1&#8243; header_font=\u00bbAbel||||||||\u00bb header_font_size=\u00bb35px\u00bb body_font_size=\u00bb17px\u00bb background_layout=\u00bbdark\u00bb custom_margin=\u00bb55px|50px|55px|50px\u00bb custom_margin_tablet=\u00bb\u00bb custom_margin_phone=\u00bb30px|50px|30px|50px\u00bb custom_margin_last_edited=\u00bbon|desktop\u00bb custom_padding=\u00bb|||\u00bb global_colors_info=\u00bb{}\u00bb]<\/p>\n<p>Si t\u2019agraden els reptes, participa a\u00a0<strong>l\u2019equip de competici\u00f3\u00a0<\/strong>Nordic\u00a0Walking Palma<\/p>\n<p><a href=\"https:\/\/www.nordicwalkingpalma.com\/competicio\/equip\/\"><strong><span style=\"color: #ffffff;\">M\u00e9s informaci\u00f3<\/span><\/strong><\/a><\/p>\n<p>[\/et_pb_blurb][\/et_pb_column][\/et_pb_row][et_pb_row column_structure=\u00bb1_3,2_3&#8243; use_custom_gutter=\u00bbon\u00bb gutter_width=\u00bb1&#8243; make_equal=\u00bbon\u00bb module_class=\u00bb et_pb_row_fullwidth\u00bb _builder_version=\u00bb4.16&#8243; width=\u00bb100%\u00bb width_tablet=\u00bb100%\u00bb width_phone=\u00bb\u00bb width_last_edited=\u00bbon|desktop\u00bb max_width=\u00bb100%\u00bb max_width_tablet=\u00bb100%\u00bb max_width_phone=\u00bb\u00bb max_width_last_edited=\u00bbon|desktop\u00bb custom_margin=\u00bb||5px|\u00bb custom_padding=\u00bb0px|0px|0px|0px\u00bb make_fullwidth=\u00bbon\u00bb global_colors_info=\u00bb{}\u00bb][et_pb_column type=\u00bb1_3&#8243; module_class=\u00bbds-vertical-align\u00bb _builder_version=\u00bb4.16&#8243; background_color=\u00bb#b4d620&#8243; custom_padding=\u00bb150px||150px|\u00bb global_colors_info=\u00bb{}\u00bb custom_padding__hover=\u00bb|||\u00bb][et_pb_blurb title=\u00bbCompetidors\u00bb url=\u00bbhttps:\/\/www.nordicwalkingpalma.com\/competicio\/competidors\/\u00bb _builder_version=\u00bb4.16&#8243; header_level=\u00bbh1&#8243; header_font=\u00bbAbel||||||||\u00bb header_font_size=\u00bb35px\u00bb body_font_size=\u00bb17px\u00bb background_layout=\u00bbdark\u00bb custom_margin=\u00bb|50px||50px\u00bb custom_margin_tablet=\u00bb55px|50px|55px|50px\u00bb custom_margin_phone=\u00bb30px|50px|30px|50px\u00bb custom_margin_last_edited=\u00bbon|desktop\u00bb custom_padding=\u00bb|||\u00bb custom_padding_tablet=\u00bb\u00bb custom_padding_phone=\u00bb\u00bb custom_padding_last_edited=\u00bbon|desktop\u00bb global_colors_info=\u00bb{}\u00bb]<\/p>\n<p>Els nostres campions<\/p>\n<p><strong><span style=\"color: #ffffff;\"><a style=\"color: #ffffff;\" href=\"https:\/\/www.nordicwalkingpalma.com\/competicio\/competidors\/\">M\u00e9s informaci\u00f3<\/a><\/span><\/strong><\/p>\n<p>[\/et_pb_blurb][\/et_pb_column][et_pb_column type=\u00bb2_3&#8243; module_class=\u00bbds-vertical-align\u00bb _builder_version=\u00bb4.16&#8243; background_image=\u00bbhttps:\/\/www.nordicwalkingpalma.com\/competicio\/wp-content\/uploads\/2019\/09\/grupos-semanales-nordic-walking-palma.jpg\u00bb background_position=\u00bbcenter_right\u00bb custom_padding=\u00bb|||\u00bb global_colors_info=\u00bb{}\u00bb custom_padding__hover=\u00bb|||\u00bb][\/et_pb_column][\/et_pb_row][et_pb_row column_structure=\u00bb2_3,1_3&#8243; use_custom_gutter=\u00bbon\u00bb gutter_width=\u00bb1&#8243; make_equal=\u00bbon\u00bb module_class=\u00bb et_pb_row_fullwidth\u00bb _builder_version=\u00bb4.16&#8243; width=\u00bb100%\u00bb width_tablet=\u00bb100%\u00bb width_phone=\u00bb\u00bb width_last_edited=\u00bbon|desktop\u00bb max_width=\u00bb100%\u00bb max_width_tablet=\u00bb100%\u00bb max_width_phone=\u00bb\u00bb max_width_last_edited=\u00bbon|desktop\u00bb custom_margin=\u00bb||0px|\u00bb custom_padding=\u00bb0px|0px|0px|0px\u00bb make_fullwidth=\u00bbon\u00bb global_colors_info=\u00bb{}\u00bb][et_pb_column type=\u00bb2_3&#8243; module_class=\u00bbds-vertical-align\u00bb _builder_version=\u00bb4.16&#8243; background_image=\u00bbhttps:\/\/www.nordicwalkingpalma.com\/competicio\/wp-content\/uploads\/2019\/09\/equipament-nw.jpg\u00bb background_position=\u00bbcenter_left\u00bb custom_padding=\u00bb|||\u00bb global_colors_info=\u00bb{}\u00bb custom_padding__hover=\u00bb|||\u00bb][\/et_pb_column][et_pb_column type=\u00bb1_3&#8243; module_class=\u00bbds-vertical-align\u00bb _builder_version=\u00bb4.16&#8243; background_color=\u00bb#09c691&#8243; custom_padding=\u00bb100px||100px|\u00bb global_colors_info=\u00bb{}\u00bb custom_padding__hover=\u00bb|||\u00bb][et_pb_blurb title=\u00bbEquipament\u00bb url=\u00bbhttps:\/\/www.nordicwalkingpalma.com\/competicio\/equip\/\u00bb _builder_version=\u00bb4.16&#8243; header_level=\u00bbh1&#8243; header_font=\u00bbAbel||||||||\u00bb header_font_size=\u00bb35px\u00bb body_font_size=\u00bb17px\u00bb background_layout=\u00bbdark\u00bb custom_margin=\u00bb55px|50px|55px|50px\u00bb custom_margin_tablet=\u00bb\u00bb custom_margin_phone=\u00bb30px|50px|30px|50px\u00bb custom_margin_last_edited=\u00bbon|desktop\u00bb custom_padding=\u00bb|||\u00bb global_colors_info=\u00bb{}\u00bb]<\/p>\n<p>Que no et falti res<\/p>\n<p><strong><span style=\"color: #ffffff;\"><a style=\"color: #ffffff;\" href=\"https:\/\/www.nordicwalkingpalma.com\/competicio\/recomanacions-equipament\/\">M\u00e9s informaci\u00f3<\/a><\/span><\/strong><\/p>\n<p>[\/et_pb_blurb][\/et_pb_column][\/et_pb_row][\/et_pb_section]<\/p>\n","protected":false},"excerpt":{"rendered":"<p>\u00abEl teu equip\u00bb Darreres not\u00edcies &nbsp; Si t\u2019agraden els reptes, participa a\u00a0l\u2019equip de competici\u00f3\u00a0Nordic\u00a0Walking Palma M\u00e9s informaci\u00f3 Els nostres campions M\u00e9s informaci\u00f3 Que no et falti res M\u00e9s informaci\u00f3<\/p>\n","protected":false},"author":1,"featured_media":0,"parent":0,"menu_order":0,"comment_status":"closed","ping_status":"closed","template":"","meta":{"_et_pb_use_builder":"on","_et_pb_old_content":"","_et_gb_content_width":""},"aioseo_notices":[],"_links":{"self":[{"href":"https:\/\/www.nordicwalkingpalma.com\/competicio\/wp-json\/wp\/v2\/pages\/5"}],"collection":[{"href":"https:\/\/www.nordicwalkingpalma.com\/competicio\/wp-json\/wp\/v2\/pages"}],"about":[{"href":"https:\/\/www.nordicwalkingpalma.com\/competicio\/wp-json\/wp\/v2\/types\/page"}],"author":[{"embeddable":true,"href":"https:\/\/www.nordicwalkingpalma.com\/competicio\/wp-json\/wp\/v2\/users\/1"}],"replies":[{"embeddable":true,"href":"https:\/\/www.nordicwalkingpalma.com\/competicio\/wp-json\/wp\/v2\/comments?post=5"}],"version-history":[{"count":74,"href":"https:\/\/www.nordicwalkingpalma.com\/competicio\/wp-json\/wp\/v2\/pages\/5\/revisions"}],"predecessor-version":[{"id":1321,"href":"https:\/\/www.nordicwalkingpalma.com\/competicio\/wp-json\/wp\/v2\/pages\/5\/revisions\/1321"}],"wp:attachment":[{"href":"https:\/\/www.nordicwalkingpalma.com\/competicio\/wp-json\/wp\/v2\/media?parent=5"}],"curies":[{"name":"wp","href":"https:\/\/api.w.org\/{rel}","templated":true}]}}