{"id":1224,"date":"2022-03-15T12:08:54","date_gmt":"2022-03-15T11:08:54","guid":{"rendered":"https:\/\/www.nordicwalkingpalma.com\/competicio\/?post_type=product&#038;p=1224"},"modified":"2022-03-15T12:26:08","modified_gmt":"2022-03-15T11:26:08","slug":"na-costitxa-puigpunyent","status":"publish","type":"product","link":"https:\/\/www.nordicwalkingpalma.com\/competicio\/producto\/na-costitxa-puigpunyent\/","title":{"rendered":"Na Costitxa, Puigpunyent"},"content":{"rendered":"<p>[et_pb_section fb_built=\u00bb1&#8243; _builder_version=\u00bb3.22&#8243; custom_padding=\u00bb0|0px|0px|0px\u00bb global_colors_info=\u00bb{}\u00bb][et_pb_row column_structure=\u00bb1_2,1_2&#8243; _builder_version=\u00bb3.25&#8243; background_size=\u00bbinitial\u00bb background_position=\u00bbtop_left\u00bb background_repeat=\u00bbrepeat\u00bb global_colors_info=\u00bb{}\u00bb][et_pb_column type=\u00bb1_2&#8243; _builder_version=\u00bb3.25&#8243; custom_padding=\u00bb|||\u00bb global_colors_info=\u00bb{}\u00bb custom_padding__hover=\u00bb|||\u00bb][et_pb_blurb title=\u00bbNa Costitxa, Puigpunyent\u00bb _builder_version=\u00bb4.13.0&#8243; header_level=\u00bbh1&#8243; global_colors_info=\u00bb{}\u00bb]<\/p>\n<p style=\"text-align: justify;\">l proper dissabte 19 de mar\u00e7 tornarem a gaudir d&#8217;una ruta als voltants del poble de Puigpunyent, una de les nostres portes cap a la Serra de Tramuntana.<\/p>\n<p style=\"text-align: justify;\">El nostre objectiu ser\u00e0 arribar <span style=\"background-color: #ffffff; font-size: 14px;\">a la imponent fesa o crui de na Costitxa, que s&#8217;obre a la mola amb el mateix nom.<\/span><\/p>\n<p style=\"text-align: justify;\"><span style=\"background-color: #ffffff; font-size: 14px;\">Iniciarem la marxa pel cam\u00ed de son Fortesa, que tamb\u00e9 \u00e9s el cam\u00ed vell d&#8217;Estellencs (el mateix que v\u00e0rem seguir per anar a la Possessi\u00f3 de Sa Campaneta fa uns mesos). A la dreta, despunta el puig de na F\u00e0tima de 472 m d&#8217;al\u00e7ada, que si recordau, cada vespre de Sant Joan se passeja per all\u00e0 el bou que coneix la porta del tresor de la princesa F\u00e0tima, filla del val\u00ed Abu-Yahya, el darrer governant de la Mallorca musulmana.<\/span><\/p>\n<p style=\"text-align: justify;\">Passarem per davant la Possessi\u00f3 de Son Fortesa i iniciarem el cam\u00ed de pujada que ens permetr\u00e0 arribar a les cases de Muntanya, passant primer per la Teulera Vella. Entre la teulera i les cases, just a la vorera del cam\u00ed, cau el sobrant de l&#8217;aigua de la font de s&#8217;Albell\u00f3. L&#8217;aigua que s&#8217;aprofitava i que corria per la s\u00edquia que hem vist en el cam\u00ed fins el gran safareig de Son Fortesa.<span style=\"background-color: #ffffff; font-size: 14px;\"><\/span><\/p>\n<p style=\"text-align: justify;\">Passades les Cases de Muntanya, ens desviarem del cam\u00ed per veure el Corral de Ses Cabres, una balma tancada per una\u00a0 paret seca molt ben constru\u00efda i\u00a0 aixecada i amb portell.<\/p>\n<p style=\"text-align: justify;\">Reprendrem de nou el cam\u00ed que ens dur\u00e0 a la Coma de Ses Someres. En pocs minuts arribarem al crui de Na Costitxa, el que el ge\u00f2legs denominen \u00abdi\u00e0clasi\u00bb. Un crui, una encletxa, o una fractura de roques sense despla\u00e7ament de les mateixes. En aquest cas de poc m\u00e9s de 100 metres de longitud, situada al costat est de la mola, a la balconada que penja damunt el comellar i torrentera de ses Someres.<\/p>\n<p style=\"text-align: justify;\">Despr\u00e9s de gaudir d&#8217;aquest espectacle de la natura anirem baixant tira a tira cap a Puigpunyent, primer per tiranys de muntanya i despr\u00e9s per les carreteres de la urbanitzaci\u00f3 de Son Net.<\/p>\n<p style=\"text-align: justify;\"><span style=\"background-color: #ffffff; font-size: 14px;\"><\/span><\/p>\n<p>[\/et_pb_blurb][\/et_pb_column][et_pb_column type=\u00bb1_2&#8243; _builder_version=\u00bb3.25&#8243; custom_padding=\u00bb|||\u00bb global_colors_info=\u00bb{}\u00bb custom_padding__hover=\u00bb|||\u00bb][et_pb_image src=\u00bbhttps:\/\/www.nordicwalkingpalma.com\/competicio\/wp-content\/uploads\/2022\/03\/foto-na-Costitxa-12.jpg\u00bb title_text=\u00bbfoto-na-Costitxa-12&#8243; align=\u00bbcenter\u00bb align_tablet=\u00bbcenter\u00bb align_phone=\u00bb\u00bb align_last_edited=\u00bbon|desktop\u00bb _builder_version=\u00bb4.14.8&#8243; module_alignment=\u00bbright\u00bb global_colors_info=\u00bb{}\u00bb][\/et_pb_image][et_pb_image src=\u00bbhttps:\/\/www.nordicwalkingpalma.com\/competicio\/wp-content\/uploads\/2022\/03\/foto-na-Costitxa-13.jpg\u00bb title_text=\u00bbfoto-na-Costitxa-13&#8243; align_tablet=\u00bbcenter\u00bb align_phone=\u00bb\u00bb align_last_edited=\u00bbon|desktop\u00bb _builder_version=\u00bb4.14.8&#8243; global_colors_info=\u00bb{}\u00bb][\/et_pb_image][\/et_pb_column][\/et_pb_row][et_pb_row column_structure=\u00bb1_3,1_3,1_3&#8243; _builder_version=\u00bb3.25&#8243; custom_padding=\u00bb27px|0px|3px|0px\u00bb global_colors_info=\u00bb{}\u00bb][et_pb_column type=\u00bb1_3&#8243; _builder_version=\u00bb3.25&#8243; custom_padding=\u00bb|||\u00bb global_colors_info=\u00bb{}\u00bb custom_padding__hover=\u00bb|||\u00bb][et_pb_blurb title=\u00bbData\u00bb use_icon=\u00bbon\u00bb font_icon=\u00bb%%128%%\u00bb icon_color=\u00bb#55924c\u00bb _builder_version=\u00bb4.11.1&#8243; header_font=\u00bbAbel|700|||||||\u00bb header_font_size=\u00bb20px\u00bb text_orientation=\u00bbcenter\u00bb animation=\u00bboff\u00bb global_colors_info=\u00bb{}\u00bb]<\/p>\n<p>19\/03\/2022<\/p>\n<p>&nbsp;<\/p>\n<p>&nbsp;<\/p>\n<p>[\/et_pb_blurb][et_pb_blurb title=\u00bbDificultat\u00bb use_icon=\u00bbon\u00bb font_icon=\u00bb%%160%%\u00bb icon_color=\u00bb#55924c\u00bb _builder_version=\u00bb4.11.1&#8243; header_font=\u00bbAbel|700|||||||\u00bb header_font_size=\u00bb20px\u00bb text_orientation=\u00bbcenter\u00bb animation=\u00bboff\u00bb global_colors_info=\u00bb{}\u00bb]<\/p>\n<p>Mitjana<\/p>\n<p>[\/et_pb_blurb][et_pb_blurb title=\u00bbConsells\u00bb use_icon=\u00bbon\u00bb font_icon=\u00bb%%79%%\u00bb icon_color=\u00bb#55924c\u00bb _builder_version=\u00bb4.11.1&#8243; header_font=\u00bbAbel|700|||||||\u00bb header_font_size=\u00bb20px\u00bb text_orientation=\u00bbcenter\u00bb animation=\u00bboff\u00bb global_colors_info=\u00bb{}\u00bb]<\/p>\n<p>Portar berenar, aigua, sabata de muntanya.<\/p>\n<p>&nbsp;<\/p>\n<p>[\/et_pb_blurb][\/et_pb_column][et_pb_column type=\u00bb1_3&#8243; _builder_version=\u00bb3.25&#8243; custom_padding=\u00bb|||\u00bb global_colors_info=\u00bb{}\u00bb custom_padding__hover=\u00bb|||\u00bb][et_pb_blurb title=\u00bbHora d&#8217;inici\u00bb use_icon=\u00bbon\u00bb font_icon=\u00bb%%92%%\u00bb icon_color=\u00bb#55924c\u00bb _builder_version=\u00bb4.11.1&#8243; header_font=\u00bbAbel|700|||||||\u00bb header_font_size=\u00bb20px\u00bb text_orientation=\u00bbcenter\u00bb animation=\u00bboff\u00bb global_colors_info=\u00bb{}\u00bb]<\/p>\n<p><span style=\"font-size: 14px;\">\u00a09:00 h.<\/span><\/p>\n<p>&nbsp;<\/p>\n<p>&nbsp;<\/p>\n<p>[\/et_pb_blurb][et_pb_blurb title=\u00bbDist\u00e0ncia\u00bb use_icon=\u00bbon\u00bb font_icon=\u00bb%%10%%\u00bb icon_color=\u00bb#55924c\u00bb _builder_version=\u00bb4.11.1&#8243; header_font=\u00bbAbel|700|||||||\u00bb header_font_size=\u00bb20px\u00bb text_orientation=\u00bbcenter\u00bb animation=\u00bboff\u00bb global_colors_info=\u00bb{}\u00bb]<\/p>\n<p>13 km.<\/p>\n<p>[\/et_pb_blurb][et_pb_blurb title=\u00bbInscripcions (fes clic)\u00bb use_icon=\u00bbon\u00bb font_icon=\u00bb%%45%%\u00bb icon_color=\u00bb#55924c\u00bb _builder_version=\u00bb4.11.1&#8243; header_font=\u00bbAbel|700|||||||\u00bb header_font_size=\u00bb20px\u00bb body_text_align=\u00bbcenter\u00bb text_orientation=\u00bbcenter\u00bb animation=\u00bboff\u00bb global_colors_info=\u00bb{}\u00bb]<\/p>\n<p><a href=\"&lt;iframe%20src=&quot;https:\/\/docs.google.com\/forms\/d\/e\/1FAIpQLSeb5QaqynwCLjzxS3s4YguQBNfumqCYGK0eyoXLXSKU7o7GWw\/viewform?embedded=true&quot; width=&quot;640&quot; height=&quot;836&quot; frameborder=&quot;0&quot; marginheight=&quot;0&quot; marginwidth=&quot;0&quot;&gt;Cargando\u2026&lt;\/iframe&gt;\"><\/a><\/p>\n<p><a href=\"https:\/\/docs.google.com\/forms\/d\/e\/1FAIpQLSdwCnJwpxBiLNwFMbhGlF2et9NPg-bi_YquicQNmIh5OnrWqA\/viewform?usp=sf_link\">Formulari d&#8217;Inscripcions<\/a><\/p>\n<p><a style=\"font-size: 14px;\" href=\"https:\/\/www.google.es\/maps\/dir\/''\/Poliesportiu+Secar+de+la+Real,+s%2Fn,+Carrer+del+Vicari,+07010+Palma,+Balearic+Islands\/@39.6119071,2.5622387,12z\/data=!4m8!4m7!1m0!1m5!1m1!1s0x129792b09e7eeceb:0x5b2d77660a632e6!2m2!1d2.6322787!2d39.6119281\"><\/a><\/p>\n<p>[\/et_pb_blurb][\/et_pb_column][et_pb_column type=\u00bb1_3&#8243; _builder_version=\u00bb3.25&#8243; custom_padding=\u00bb|||\u00bb global_colors_info=\u00bb{}\u00bb custom_padding__hover=\u00bb|||\u00bb][et_pb_blurb title=\u00bbCost\u00bb use_icon=\u00bbon\u00bb font_icon=\u00bb%%155%%\u00bb icon_color=\u00bb#55924c\u00bb _builder_version=\u00bb4.11.1&#8243; header_font=\u00bbAbel|700|||||||\u00bb header_font_size=\u00bb20px\u00bb text_orientation=\u00bbcenter\u00bb animation=\u00bboff\u00bb global_colors_info=\u00bb{}\u00bb]<\/p>\n<p>Socis (bono i quota) : 5 \u20ac &#8211; No socis: 10\u20ac<\/p>\n<p>+<\/p>\n<p>Asseguran\u00e7a (no federats) 3\u20ac<\/p>\n<p>[\/et_pb_blurb][et_pb_blurb title=\u00bbDurada\u00bb use_icon=\u00bbon\u00bb font_icon=\u00bb%%373%%\u00bb icon_color=\u00bb#55924c\u00bb _builder_version=\u00bb4.11.1&#8243; header_font=\u00bbAbel|700|||||||\u00bb header_font_size=\u00bb20px\u00bb text_orientation=\u00bbcenter\u00bb animation=\u00bboff\u00bb global_colors_info=\u00bb{}\u00bb]<\/p>\n<p>4:00 h.<\/p>\n<p>[\/et_pb_blurb][et_pb_blurb title=\u00bbLloc de trobada ruta\u00bb use_icon=\u00bbon\u00bb font_icon=\u00bb%%121%%\u00bb icon_color=\u00bb#55924c\u00bb _builder_version=\u00bb4.11.1&#8243; header_font=\u00bbAbel|700|||||||\u00bb header_font_size=\u00bb20px\u00bb text_orientation=\u00bbcenter\u00bb animation=\u00bboff\u00bb global_colors_info=\u00bb{}\u00bb]<\/p>\n<p>Aparcament de darrera l&#8217;ajuntament de Puigpunyent.<\/p>\n<p><span style=\"font-size: 14px;\">(enlla\u00e7 <\/span><a href=\"https:\/\/goo.gl\/maps\/kWy92Z5ARS5gQ8Z68\">Google Maps)<\/a><\/p>\n<p>[\/et_pb_blurb][\/et_pb_column][\/et_pb_row][\/et_pb_section]<\/p>\n","protected":false},"excerpt":{"rendered":"<p>l proper dissabte 19 de mar\u00e7 tornarem a gaudir d&#8217;una ruta als voltants del poble de Puigpunyent, una de les nostres portes cap a la Serra de Tramuntana. El nostre objectiu ser\u00e0 arribar a la imponent fesa o crui de na Costitxa, que s&#8217;obre a la mola amb el mateix nom. Iniciarem la marxa pel [&hellip;]<\/p>\n","protected":false},"featured_media":1117,"template":"","meta":{"_et_pb_use_builder":"on","_et_pb_old_content":"","_et_gb_content_width":""},"product_cat":[22],"product_tag":[],"aioseo_notices":[],"_links":{"self":[{"href":"https:\/\/www.nordicwalkingpalma.com\/competicio\/wp-json\/wp\/v2\/product\/1224"}],"collection":[{"href":"https:\/\/www.nordicwalkingpalma.com\/competicio\/wp-json\/wp\/v2\/product"}],"about":[{"href":"https:\/\/www.nordicwalkingpalma.com\/competicio\/wp-json\/wp\/v2\/types\/product"}],"wp:featuredmedia":[{"embeddable":true,"href":"https:\/\/www.nordicwalkingpalma.com\/competicio\/wp-json\/wp\/v2\/media\/1117"}],"wp:attachment":[{"href":"https:\/\/www.nordicwalkingpalma.com\/competicio\/wp-json\/wp\/v2\/media?parent=1224"}],"wp:term":[{"taxonomy":"product_cat","embeddable":true,"href":"https:\/\/www.nordicwalkingpalma.com\/competicio\/wp-json\/wp\/v2\/product_cat?post=1224"},{"taxonomy":"product_tag","embeddable":true,"href":"https:\/\/www.nordicwalkingpalma.com\/competicio\/wp-json\/wp\/v2\/product_tag?post=1224"}],"curies":[{"name":"wp","href":"https:\/\/api.w.org\/{rel}","templated":true}]}}